{"id":75,"date":"2017-11-05T21:28:50","date_gmt":"2017-11-05T20:28:50","guid":{"rendered":"https:\/\/www.magnonails.de\/galerie\/?page_id=75"},"modified":"2026-03-05T20:12:21","modified_gmt":"2026-03-05T19:12:21","slug":"startseite","status":"publish","type":"page","link":"https:\/\/www.magnonails.de\/galerie\/","title":{"rendered":"Startseite"},"content":{"rendered":"\n<h2 class=\"wp-block-heading\">Willkommen in unserer Galerie!<\/h2>\n\n\n\n<div style=\"height:25px\" aria-hidden=\"true\" class=\"wp-block-spacer\"><\/div>\n\n\n\n<p>Sie k\u00f6nnen sich entweder alle Designs anschauen oder nach bestimmten Farben suchen, klicken Sie daf\u00fcr oben auf die gew\u00fcnschte Kategorie.<\/p>\n\n\n\n<p>Bei der Kategorie &#8222;Alle Designs&#8220; sind alle Produkte verlinkt, die verwendet wurden.<\/p>\n\n\n\n<p>Viel Spa\u00df beim Durchst\u00f6bern! \ud83d\ude42<\/p>\n","protected":false},"excerpt":{"rendered":"<p>Willkommen in unserer Galerie! Sie k\u00f6nnen sich entweder alle Designs anschauen oder nach bestimmten Farben suchen, klicken Sie daf\u00fcr oben auf die gew\u00fcnschte Kategorie. Bei der Kategorie &#8222;Alle Designs&#8220; sind alle Produkte verlinkt, die verwendet wurden. Viel Spa\u00df beim Durchst\u00f6bern! \ud83d\ude42<\/p>\n","protected":false},"author":1,"featured_media":0,"parent":0,"menu_order":-12,"comment_status":"closed","ping_status":"closed","template":"","meta":{"footnotes":""},"class_list":["post-75","page","type-page","status-publish","hentry"],"_links":{"self":[{"href":"https:\/\/www.magnonails.de\/galerie\/index.php?rest_route=\/wp\/v2\/pages\/75","targetHints":{"allow":["GET"]}}],"collection":[{"href":"https:\/\/www.magnonails.de\/galerie\/index.php?rest_route=\/wp\/v2\/pages"}],"about":[{"href":"https:\/\/www.magnonails.de\/galerie\/index.php?rest_route=\/wp\/v2\/types\/page"}],"author":[{"embeddable":true,"href":"https:\/\/www.magnonails.de\/galerie\/index.php?rest_route=\/wp\/v2\/users\/1"}],"replies":[{"embeddable":true,"href":"https:\/\/www.magnonails.de\/galerie\/index.php?rest_route=%2Fwp%2Fv2%2Fcomments&post=75"}],"version-history":[{"count":19,"href":"https:\/\/www.magnonails.de\/galerie\/index.php?rest_route=\/wp\/v2\/pages\/75\/revisions"}],"predecessor-version":[{"id":1513,"href":"https:\/\/www.magnonails.de\/galerie\/index.php?rest_route=\/wp\/v2\/pages\/75\/revisions\/1513"}],"wp:attachment":[{"href":"https:\/\/www.magnonails.de\/galerie\/index.php?rest_route=%2Fwp%2Fv2%2Fmedia&parent=75"}],"curies":[{"name":"wp","href":"https:\/\/api.w.org\/{rel}","templated":true}]}}